{"id":87,"date":"2021-08-09T02:55:29","date_gmt":"2021-08-09T00:55:29","guid":{"rendered":"http:\/\/gradjanskipreokret.rs\/wordpress\/?page_id=87"},"modified":"2022-06-05T11:24:50","modified_gmt":"2022-06-05T09:24:50","slug":"program","status":"publish","type":"page","link":"https:\/\/gradjanskipreokret.rs\/index.php\/program\/","title":{"rendered":"PROGRAM"},"content":{"rendered":"\n<p>Gra\u0111anski preokret je nevladino i neprofitno udru\u017eenje, osnovano radi ostvarivanja ciljeva u oblasti pobolj\u0161anja uslova \u017eivota gra\u0111ana, za\u0161tite ljudskih prava, unapre\u0111enja gra\u0111anskih sloboda, edukacije gra\u0111ana i za\u0161tite \u017eivotne sredine.<\/p>\n\n\n\n<p>Ciljevi udru\u017eenja\nsu:<\/p>\n\n\n\n<p>\u2022 da podsti\u010de gra\u0111ane na solidarnost, zajedni\u010dku akciju, otvoreno promi\u0161ljanje i odlu\u010divanje o svim pitanjima od javnog interesa;<br>\u2022 da sprovodi akcije za postizanje boljeg \u017eivotnog standarda i ostvarenje prava svih gra\u0111ana sa pozicija uva\u017eavanja svih sloboda i razlika, tolerancije, solidarnosti, ravnopravnosti, partnerstva sa svim pojedincima i zajednicama;<br>\u2022 da podsti\u010de gra\u0111ane na aktivnosti usmerene ka uspostavljanju, a potom i odr\u017eanju transparentnosti javne uprave;<br>\u2022 da insistira na stru\u010dnosti i odgovornosti prilikom dono\u0161enja odluka u organima vlasti;<br>\u2022 da podsti\u010de gra\u0111ane i institucije na aktivnosti za unapre\u0111ivanje za\u0161tite \u017eivotne sredine;<br>\u2022 da brine o pravima osoba sa invaliditetom, starih osoba, bolesnih osoba i njihovom uklju\u010divanju u dru\u0161tvene aktivnosti;<br>\u2022 da brine o pravilnom odrastanju i edukaciji dece i mladih te po\u0161tovanju njihovih prava;<br>\u2022 da brine o o\u010duvanju kulturne, istorijske i prirodne ba\u0161tine; i<br>\u2022 da podsti\u010de i afirmi\u0161e vrednosti demokratije i vladavine prava.<\/p>\n\n\n\n<p>Gra\u0111anski\npreokret u prvi plan isti\u010de odbranu prava na dostojanstven \u017eivot, borbu protiv\ndiskriminacije, odbranu javnih resursa, borbu za javnu upravu u slu\u017ebi gra\u0111ana,\nnultu toleranciju prema korupciji, ravnomeran regionalni razvoj, uspostavljanje\nmedijskih sloboda, ohrabrivanje gra\u0111ana da u\u010destvuju u dono\u0161enju odluka koje ih\nse ti\u010du, socijalnu pravdu i iskorenjivanje siroma\u0161tva.<\/p>\n","protected":false},"excerpt":{"rendered":"<p>Gra\u0111anski preokret je nevladino i neprofitno udru\u017eenje, osnovano radi ostvarivanja ciljeva u oblasti pobolj\u0161anja uslova \u017eivota gra\u0111ana, za\u0161tite ljudskih prava,<\/p>\n","protected":false},"author":1,"featured_media":0,"parent":0,"menu_order":0,"comment_status":"closed","ping_status":"closed","template":"","meta":{"footnotes":""},"class_list":["post-87","page","type-page","status-publish","hentry"],"yoast_head":"<!-- This site is optimized with the Yoast SEO plugin v26.3 - https:\/\/yoast.com\/wordpress\/plugins\/seo\/ -->\n<title>PROGRAM - Gra\u0111anski preokret<\/title>\n<meta name=\"robots\" content=\"index, follow, max-snippet:-1, max-image-preview:large, max-video-preview:-1\" \/>\n<link rel=\"canonical\" href=\"https:\/\/gradjanskipreokret.rs\/index.php\/program\/\" \/>\n<meta property=\"og:locale\" content=\"en_US\" \/>\n<meta property=\"og:type\" content=\"article\" \/>\n<meta property=\"og:title\" content=\"PROGRAM - Gra\u0111anski preokret\" \/>\n<meta property=\"og:description\" content=\"Gra\u0111anski preokret je nevladino i neprofitno udru\u017eenje, osnovano radi ostvarivanja ciljeva u oblasti pobolj\u0161anja uslova \u017eivota gra\u0111ana, za\u0161tite ljudskih prava,\" \/>\n<meta property=\"og:url\" content=\"https:\/\/gradjanskipreokret.rs\/index.php\/program\/\" \/>\n<meta property=\"og:site_name\" content=\"Gra\u0111anski preokret\" \/>\n<meta property=\"article:publisher\" content=\"https:\/\/www.facebook.com\/gradjanskipreokret\/\" \/>\n<meta property=\"article:modified_time\" content=\"2022-06-05T09:24:50+00:00\" \/>\n<meta property=\"og:image\" content=\"https:\/\/gradjanskipreokret.rs\/wp-content\/uploads\/2019\/03\/FB.png\" \/>\n\t<meta property=\"og:image:width\" content=\"773\" \/>\n\t<meta property=\"og:image:height\" content=\"461\" \/>\n\t<meta property=\"og:image:type\" content=\"image\/png\" \/>\n<meta name=\"twitter:card\" content=\"summary_large_image\" \/>\n<meta name=\"twitter:site\" content=\"@gpreokret\" \/>\n<meta name=\"twitter:label1\" content=\"Est. reading time\" \/>\n\t<meta name=\"twitter:data1\" content=\"1 minute\" \/>\n<script type=\"application\/ld+json\" class=\"yoast-schema-graph\">{\"@context\":\"https:\/\/schema.org\",\"@graph\":[{\"@type\":\"WebPage\",\"@id\":\"https:\/\/gradjanskipreokret.rs\/index.php\/program\/\",\"url\":\"https:\/\/gradjanskipreokret.rs\/index.php\/program\/\",\"name\":\"PROGRAM - Gra\u0111anski preokret\",\"isPartOf\":{\"@id\":\"https:\/\/gradjanskipreokret.rs\/#website\"},\"datePublished\":\"2021-08-09T00:55:29+00:00\",\"dateModified\":\"2022-06-05T09:24:50+00:00\",\"breadcrumb\":{\"@id\":\"https:\/\/gradjanskipreokret.rs\/index.php\/program\/#breadcrumb\"},\"inLanguage\":\"en-US\",\"potentialAction\":[{\"@type\":\"ReadAction\",\"target\":[\"https:\/\/gradjanskipreokret.rs\/index.php\/program\/\"]}]},{\"@type\":\"BreadcrumbList\",\"@id\":\"https:\/\/gradjanskipreokret.rs\/index.php\/program\/#breadcrumb\",\"itemListElement\":[{\"@type\":\"ListItem\",\"position\":1,\"name\":\"Home\",\"item\":\"https:\/\/gradjanskipreokret.rs\/\"},{\"@type\":\"ListItem\",\"position\":2,\"name\":\"PROGRAM\"}]},{\"@type\":\"WebSite\",\"@id\":\"https:\/\/gradjanskipreokret.rs\/#website\",\"url\":\"https:\/\/gradjanskipreokret.rs\/\",\"name\":\"Gra\u0111anski preokret\",\"description\":\"Gradjanski preokret\",\"publisher\":{\"@id\":\"https:\/\/gradjanskipreokret.rs\/#organization\"},\"potentialAction\":[{\"@type\":\"SearchAction\",\"target\":{\"@type\":\"EntryPoint\",\"urlTemplate\":\"https:\/\/gradjanskipreokret.rs\/?s={search_term_string}\"},\"query-input\":{\"@type\":\"PropertyValueSpecification\",\"valueRequired\":true,\"valueName\":\"search_term_string\"}}],\"inLanguage\":\"en-US\"},{\"@type\":\"Organization\",\"@id\":\"https:\/\/gradjanskipreokret.rs\/#organization\",\"name\":\"Udru\u017eenje Gra\u0111anski preokret\",\"url\":\"https:\/\/gradjanskipreokret.rs\/\",\"logo\":{\"@type\":\"ImageObject\",\"inLanguage\":\"en-US\",\"@id\":\"https:\/\/gradjanskipreokret.rs\/#\/schema\/logo\/image\/\",\"url\":\"https:\/\/gradjanskipreokret.rs\/wp-content\/uploads\/2019\/03\/FB.png\",\"contentUrl\":\"https:\/\/gradjanskipreokret.rs\/wp-content\/uploads\/2019\/03\/FB.png\",\"width\":773,\"height\":461,\"caption\":\"Udru\u017eenje Gra\u0111anski preokret\"},\"image\":{\"@id\":\"https:\/\/gradjanskipreokret.rs\/#\/schema\/logo\/image\/\"},\"sameAs\":[\"https:\/\/www.facebook.com\/gradjanskipreokret\/\",\"https:\/\/x.com\/gpreokret\",\"https:\/\/www.youtube.com\/channel\/UCyEiTcJBTWEFn48AmyxAhsA\"]}]}<\/script>\n<!-- \/ Yoast SEO plugin. -->","yoast_head_json":{"title":"PROGRAM - Gra\u0111anski preokret","robots":{"index":"index","follow":"follow","max-snippet":"max-snippet:-1","max-image-preview":"max-image-preview:large","max-video-preview":"max-video-preview:-1"},"canonical":"https:\/\/gradjanskipreokret.rs\/index.php\/program\/","og_locale":"en_US","og_type":"article","og_title":"PROGRAM - Gra\u0111anski preokret","og_description":"Gra\u0111anski preokret je nevladino i neprofitno udru\u017eenje, osnovano radi ostvarivanja ciljeva u oblasti pobolj\u0161anja uslova \u017eivota gra\u0111ana, za\u0161tite ljudskih prava,","og_url":"https:\/\/gradjanskipreokret.rs\/index.php\/program\/","og_site_name":"Gra\u0111anski preokret","article_publisher":"https:\/\/www.facebook.com\/gradjanskipreokret\/","article_modified_time":"2022-06-05T09:24:50+00:00","og_image":[{"width":773,"height":461,"url":"https:\/\/gradjanskipreokret.rs\/wp-content\/uploads\/2019\/03\/FB.png","type":"image\/png"}],"twitter_card":"summary_large_image","twitter_site":"@gpreokret","twitter_misc":{"Est. reading time":"1 minute"},"schema":{"@context":"https:\/\/schema.org","@graph":[{"@type":"WebPage","@id":"https:\/\/gradjanskipreokret.rs\/index.php\/program\/","url":"https:\/\/gradjanskipreokret.rs\/index.php\/program\/","name":"PROGRAM - Gra\u0111anski preokret","isPartOf":{"@id":"https:\/\/gradjanskipreokret.rs\/#website"},"datePublished":"2021-08-09T00:55:29+00:00","dateModified":"2022-06-05T09:24:50+00:00","breadcrumb":{"@id":"https:\/\/gradjanskipreokret.rs\/index.php\/program\/#breadcrumb"},"inLanguage":"en-US","potentialAction":[{"@type":"ReadAction","target":["https:\/\/gradjanskipreokret.rs\/index.php\/program\/"]}]},{"@type":"BreadcrumbList","@id":"https:\/\/gradjanskipreokret.rs\/index.php\/program\/#breadcrumb","itemListElement":[{"@type":"ListItem","position":1,"name":"Home","item":"https:\/\/gradjanskipreokret.rs\/"},{"@type":"ListItem","position":2,"name":"PROGRAM"}]},{"@type":"WebSite","@id":"https:\/\/gradjanskipreokret.rs\/#website","url":"https:\/\/gradjanskipreokret.rs\/","name":"Gra\u0111anski preokret","description":"Gradjanski preokret","publisher":{"@id":"https:\/\/gradjanskipreokret.rs\/#organization"},"potentialAction":[{"@type":"SearchAction","target":{"@type":"EntryPoint","urlTemplate":"https:\/\/gradjanskipreokret.rs\/?s={search_term_string}"},"query-input":{"@type":"PropertyValueSpecification","valueRequired":true,"valueName":"search_term_string"}}],"inLanguage":"en-US"},{"@type":"Organization","@id":"https:\/\/gradjanskipreokret.rs\/#organization","name":"Udru\u017eenje Gra\u0111anski preokret","url":"https:\/\/gradjanskipreokret.rs\/","logo":{"@type":"ImageObject","inLanguage":"en-US","@id":"https:\/\/gradjanskipreokret.rs\/#\/schema\/logo\/image\/","url":"https:\/\/gradjanskipreokret.rs\/wp-content\/uploads\/2019\/03\/FB.png","contentUrl":"https:\/\/gradjanskipreokret.rs\/wp-content\/uploads\/2019\/03\/FB.png","width":773,"height":461,"caption":"Udru\u017eenje Gra\u0111anski preokret"},"image":{"@id":"https:\/\/gradjanskipreokret.rs\/#\/schema\/logo\/image\/"},"sameAs":["https:\/\/www.facebook.com\/gradjanskipreokret\/","https:\/\/x.com\/gpreokret","https:\/\/www.youtube.com\/channel\/UCyEiTcJBTWEFn48AmyxAhsA"]}]}},"_links":{"self":[{"href":"https:\/\/gradjanskipreokret.rs\/index.php\/wp-json\/wp\/v2\/pages\/87","targetHints":{"allow":["GET"]}}],"collection":[{"href":"https:\/\/gradjanskipreokret.rs\/index.php\/wp-json\/wp\/v2\/pages"}],"about":[{"href":"https:\/\/gradjanskipreokret.rs\/index.php\/wp-json\/wp\/v2\/types\/page"}],"author":[{"embeddable":true,"href":"https:\/\/gradjanskipreokret.rs\/index.php\/wp-json\/wp\/v2\/users\/1"}],"replies":[{"embeddable":true,"href":"https:\/\/gradjanskipreokret.rs\/index.php\/wp-json\/wp\/v2\/comments?post=87"}],"version-history":[{"count":3,"href":"https:\/\/gradjanskipreokret.rs\/index.php\/wp-json\/wp\/v2\/pages\/87\/revisions"}],"predecessor-version":[{"id":3239,"href":"https:\/\/gradjanskipreokret.rs\/index.php\/wp-json\/wp\/v2\/pages\/87\/revisions\/3239"}],"wp:attachment":[{"href":"https:\/\/gradjanskipreokret.rs\/index.php\/wp-json\/wp\/v2\/media?parent=87"}],"curies":[{"name":"wp","href":"https:\/\/api.w.org\/{rel}","templated":true}]}}