{"id":2213,"date":"2021-08-09T01:44:41","date_gmt":"2021-08-08T23:44:41","guid":{"rendered":"https:\/\/gradjanskipreokret.rs\/?page_id=2213"},"modified":"2023-03-04T15:47:24","modified_gmt":"2023-03-04T14:47:24","slug":"about-us","status":"publish","type":"page","link":"https:\/\/gradjanskipreokret.rs\/index.php\/en\/about-us\/","title":{"rendered":"ABOUT US"},"content":{"rendered":"\n<p>Gradjanski preokret <br>Zrenjanin, Pupinova 20<br>ID number: 28148704<br>TIN (Serbia): 108583277<br>UEI: QYLAUN9HS7L3<br>www.gradjanskipreokret.rs<\/p>\n\n\n\n<p><strong>Members of the Main Board:<\/strong> Bojan Koji\u010di\u0107, Branislav Ivin, Svetlana Jeremi\u0107, Rastko Stefanovi\u0107, Predrag \u0110ur\u0111ev, Dragana Borovi\u0107, Miljan Vukovi\u0107, Zorica \u010corda\u0161i\u0107, Ivan \u017divkov, Valentina \u0160ujica, \u017deljan Popov, Milica Kova\u010d, Du\u0161an Kokot and Miodrag Bogunovi\u0107.<\/p>\n\n\n\n<p><strong><strong>Members of the Board of Directors:<\/strong> <\/strong> Miodrag Bogunovi\u0107 (chairperson), Valentina \u0160ujica (deputy chairperson), and Branislav Ivin.<\/p>\n\n\n\n<p><strong>Members of the Supervisory Board:<\/strong> Predrag Jeremi\u0107, Darko Jonjev and Vladana Mance.<\/p>\n\n\n\n<p><strong>Legal representatives<\/strong>:<\/p>\n\n\n\n<div class=\"wp-block-columns is-layout-flex wp-container-core-columns-is-layout-9d6595d7 wp-block-columns-is-layout-flex\">\n<div class=\"wp-block-column is-layout-flow wp-block-column-is-layout-flow\">\n<div class=\"wp-block-image\"><figure class=\"alignleft size-full\"><img loading=\"lazy\" decoding=\"async\" width=\"819\" height=\"819\" src=\"https:\/\/gradjanskipreokret.rs\/wp-content\/uploads\/2022\/04\/DraganaPopovicWeb-edited.jpg\" alt=\"\" class=\"wp-image-3091\" srcset=\"https:\/\/gradjanskipreokret.rs\/wp-content\/uploads\/2022\/04\/DraganaPopovicWeb-edited.jpg 819w, https:\/\/gradjanskipreokret.rs\/wp-content\/uploads\/2022\/04\/DraganaPopovicWeb-edited-300x300.jpg 300w, https:\/\/gradjanskipreokret.rs\/wp-content\/uploads\/2022\/04\/DraganaPopovicWeb-edited-150x150.jpg 150w, https:\/\/gradjanskipreokret.rs\/wp-content\/uploads\/2022\/04\/DraganaPopovicWeb-edited-768x768.jpg 768w\" sizes=\"auto, (max-width: 819px) 100vw, 819px\" \/><figcaption>Dragana Popovi\u0107<\/figcaption><\/figure><\/div>\n<\/div>\n\n\n\n<div class=\"wp-block-column is-layout-flow wp-block-column-is-layout-flow\">\n<div class=\"wp-block-image\"><figure class=\"alignleft size-full\"><img loading=\"lazy\" decoding=\"async\" width=\"819\" height=\"819\" src=\"https:\/\/gradjanskipreokret.rs\/wp-content\/uploads\/2022\/04\/IvanZivkovweb-edited.jpg\" alt=\"\" class=\"wp-image-3090\" srcset=\"https:\/\/gradjanskipreokret.rs\/wp-content\/uploads\/2022\/04\/IvanZivkovweb-edited.jpg 819w, https:\/\/gradjanskipreokret.rs\/wp-content\/uploads\/2022\/04\/IvanZivkovweb-edited-300x300.jpg 300w, https:\/\/gradjanskipreokret.rs\/wp-content\/uploads\/2022\/04\/IvanZivkovweb-edited-150x150.jpg 150w, https:\/\/gradjanskipreokret.rs\/wp-content\/uploads\/2022\/04\/IvanZivkovweb-edited-768x768.jpg 768w\" sizes=\"auto, (max-width: 819px) 100vw, 819px\" \/><figcaption>Ivan \u017divkov<\/figcaption><\/figure><\/div>\n<\/div>\n\n\n\n<div class=\"wp-block-column is-layout-flow wp-block-column-is-layout-flow\">\n<div class=\"wp-block-image\"><figure class=\"alignleft size-full\"><img loading=\"lazy\" decoding=\"async\" width=\"819\" height=\"820\" src=\"https:\/\/gradjanskipreokret.rs\/wp-content\/uploads\/2022\/04\/DusanKokotweb-edited.jpg\" alt=\"\" class=\"wp-image-3089\" srcset=\"https:\/\/gradjanskipreokret.rs\/wp-content\/uploads\/2022\/04\/DusanKokotweb-edited.jpg 819w, https:\/\/gradjanskipreokret.rs\/wp-content\/uploads\/2022\/04\/DusanKokotweb-edited-300x300.jpg 300w, https:\/\/gradjanskipreokret.rs\/wp-content\/uploads\/2022\/04\/DusanKokotweb-edited-150x150.jpg 150w, https:\/\/gradjanskipreokret.rs\/wp-content\/uploads\/2022\/04\/DusanKokotweb-edited-768x769.jpg 768w\" sizes=\"auto, (max-width: 819px) 100vw, 819px\" \/><figcaption>Du\u0161an Kokot<\/figcaption><\/figure><\/div>\n\n\n\n<p><\/p>\n<\/div>\n<\/div>\n","protected":false},"excerpt":{"rendered":"<p>Gradjanski preokret Zrenjanin, Pupinova 20ID number: 28148704TIN (Serbia): 108583277UEI: QYLAUN9HS7L3www.gradjanskipreokret.rs Members of the Main Board: Bojan Koji\u010di\u0107, Branislav Ivin, Svetlana<\/p>\n","protected":false},"author":1,"featured_media":0,"parent":0,"menu_order":0,"comment_status":"closed","ping_status":"closed","template":"","meta":{"footnotes":""},"class_list":["post-2213","page","type-page","status-publish","hentry"],"yoast_head":"<!-- This site is optimized with the Yoast SEO plugin v26.3 - https:\/\/yoast.com\/wordpress\/plugins\/seo\/ -->\n<title>ABOUT US - Gra\u0111anski preokret<\/title>\n<meta name=\"robots\" content=\"index, follow, max-snippet:-1, max-image-preview:large, max-video-preview:-1\" \/>\n<link rel=\"canonical\" href=\"https:\/\/gradjanskipreokret.rs\/index.php\/en\/about-us\/\" \/>\n<meta property=\"og:locale\" content=\"en_US\" \/>\n<meta property=\"og:type\" content=\"article\" \/>\n<meta property=\"og:title\" content=\"ABOUT US - Gra\u0111anski preokret\" \/>\n<meta property=\"og:description\" content=\"Gradjanski preokret Zrenjanin, Pupinova 20ID number: 28148704TIN (Serbia): 108583277UEI: QYLAUN9HS7L3www.gradjanskipreokret.rs Members of the Main Board: Bojan Koji\u010di\u0107, Branislav Ivin, Svetlana\" \/>\n<meta property=\"og:url\" content=\"https:\/\/gradjanskipreokret.rs\/index.php\/en\/about-us\/\" \/>\n<meta property=\"og:site_name\" content=\"Gra\u0111anski preokret\" \/>\n<meta property=\"article:publisher\" content=\"https:\/\/www.facebook.com\/gradjanskipreokret\/\" \/>\n<meta property=\"article:modified_time\" content=\"2023-03-04T14:47:24+00:00\" \/>\n<meta property=\"og:image\" content=\"https:\/\/gradjanskipreokret.rs\/wp-content\/uploads\/2022\/04\/DraganaPopovicWeb-edited.jpg\" \/>\n<meta name=\"twitter:card\" content=\"summary_large_image\" \/>\n<meta name=\"twitter:site\" content=\"@gpreokret\" \/>\n<meta name=\"twitter:label1\" content=\"Est. reading time\" \/>\n\t<meta name=\"twitter:data1\" content=\"1 minute\" \/>\n<script type=\"application\/ld+json\" class=\"yoast-schema-graph\">{\"@context\":\"https:\/\/schema.org\",\"@graph\":[{\"@type\":\"WebPage\",\"@id\":\"https:\/\/gradjanskipreokret.rs\/index.php\/en\/about-us\/\",\"url\":\"https:\/\/gradjanskipreokret.rs\/index.php\/en\/about-us\/\",\"name\":\"ABOUT US - Gra\u0111anski preokret\",\"isPartOf\":{\"@id\":\"https:\/\/gradjanskipreokret.rs\/#website\"},\"primaryImageOfPage\":{\"@id\":\"https:\/\/gradjanskipreokret.rs\/index.php\/en\/about-us\/#primaryimage\"},\"image\":{\"@id\":\"https:\/\/gradjanskipreokret.rs\/index.php\/en\/about-us\/#primaryimage\"},\"thumbnailUrl\":\"https:\/\/gradjanskipreokret.rs\/wp-content\/uploads\/2022\/04\/DraganaPopovicWeb-edited.jpg\",\"datePublished\":\"2021-08-08T23:44:41+00:00\",\"dateModified\":\"2023-03-04T14:47:24+00:00\",\"breadcrumb\":{\"@id\":\"https:\/\/gradjanskipreokret.rs\/index.php\/en\/about-us\/#breadcrumb\"},\"inLanguage\":\"en-US\",\"potentialAction\":[{\"@type\":\"ReadAction\",\"target\":[\"https:\/\/gradjanskipreokret.rs\/index.php\/en\/about-us\/\"]}]},{\"@type\":\"ImageObject\",\"inLanguage\":\"en-US\",\"@id\":\"https:\/\/gradjanskipreokret.rs\/index.php\/en\/about-us\/#primaryimage\",\"url\":\"https:\/\/gradjanskipreokret.rs\/wp-content\/uploads\/2022\/04\/DraganaPopovicWeb-edited.jpg\",\"contentUrl\":\"https:\/\/gradjanskipreokret.rs\/wp-content\/uploads\/2022\/04\/DraganaPopovicWeb-edited.jpg\",\"width\":819,\"height\":819},{\"@type\":\"BreadcrumbList\",\"@id\":\"https:\/\/gradjanskipreokret.rs\/index.php\/en\/about-us\/#breadcrumb\",\"itemListElement\":[{\"@type\":\"ListItem\",\"position\":1,\"name\":\"Home\",\"item\":\"https:\/\/gradjanskipreokret.rs\/\"},{\"@type\":\"ListItem\",\"position\":2,\"name\":\"ABOUT US\"}]},{\"@type\":\"WebSite\",\"@id\":\"https:\/\/gradjanskipreokret.rs\/#website\",\"url\":\"https:\/\/gradjanskipreokret.rs\/\",\"name\":\"Gra\u0111anski preokret\",\"description\":\"Gradjanski preokret\",\"publisher\":{\"@id\":\"https:\/\/gradjanskipreokret.rs\/#organization\"},\"potentialAction\":[{\"@type\":\"SearchAction\",\"target\":{\"@type\":\"EntryPoint\",\"urlTemplate\":\"https:\/\/gradjanskipreokret.rs\/?s={search_term_string}\"},\"query-input\":{\"@type\":\"PropertyValueSpecification\",\"valueRequired\":true,\"valueName\":\"search_term_string\"}}],\"inLanguage\":\"en-US\"},{\"@type\":\"Organization\",\"@id\":\"https:\/\/gradjanskipreokret.rs\/#organization\",\"name\":\"Udru\u017eenje Gra\u0111anski preokret\",\"url\":\"https:\/\/gradjanskipreokret.rs\/\",\"logo\":{\"@type\":\"ImageObject\",\"inLanguage\":\"en-US\",\"@id\":\"https:\/\/gradjanskipreokret.rs\/#\/schema\/logo\/image\/\",\"url\":\"https:\/\/gradjanskipreokret.rs\/wp-content\/uploads\/2019\/03\/FB.png\",\"contentUrl\":\"https:\/\/gradjanskipreokret.rs\/wp-content\/uploads\/2019\/03\/FB.png\",\"width\":773,\"height\":461,\"caption\":\"Udru\u017eenje Gra\u0111anski preokret\"},\"image\":{\"@id\":\"https:\/\/gradjanskipreokret.rs\/#\/schema\/logo\/image\/\"},\"sameAs\":[\"https:\/\/www.facebook.com\/gradjanskipreokret\/\",\"https:\/\/x.com\/gpreokret\",\"https:\/\/www.youtube.com\/channel\/UCyEiTcJBTWEFn48AmyxAhsA\"]}]}<\/script>\n<!-- \/ Yoast SEO plugin. -->","yoast_head_json":{"title":"ABOUT US - Gra\u0111anski preokret","robots":{"index":"index","follow":"follow","max-snippet":"max-snippet:-1","max-image-preview":"max-image-preview:large","max-video-preview":"max-video-preview:-1"},"canonical":"https:\/\/gradjanskipreokret.rs\/index.php\/en\/about-us\/","og_locale":"en_US","og_type":"article","og_title":"ABOUT US - Gra\u0111anski preokret","og_description":"Gradjanski preokret Zrenjanin, Pupinova 20ID number: 28148704TIN (Serbia): 108583277UEI: QYLAUN9HS7L3www.gradjanskipreokret.rs Members of the Main Board: Bojan Koji\u010di\u0107, Branislav Ivin, Svetlana","og_url":"https:\/\/gradjanskipreokret.rs\/index.php\/en\/about-us\/","og_site_name":"Gra\u0111anski preokret","article_publisher":"https:\/\/www.facebook.com\/gradjanskipreokret\/","article_modified_time":"2023-03-04T14:47:24+00:00","og_image":[{"url":"https:\/\/gradjanskipreokret.rs\/wp-content\/uploads\/2022\/04\/DraganaPopovicWeb-edited.jpg","type":"","width":"","height":""}],"twitter_card":"summary_large_image","twitter_site":"@gpreokret","twitter_misc":{"Est. reading time":"1 minute"},"schema":{"@context":"https:\/\/schema.org","@graph":[{"@type":"WebPage","@id":"https:\/\/gradjanskipreokret.rs\/index.php\/en\/about-us\/","url":"https:\/\/gradjanskipreokret.rs\/index.php\/en\/about-us\/","name":"ABOUT US - Gra\u0111anski preokret","isPartOf":{"@id":"https:\/\/gradjanskipreokret.rs\/#website"},"primaryImageOfPage":{"@id":"https:\/\/gradjanskipreokret.rs\/index.php\/en\/about-us\/#primaryimage"},"image":{"@id":"https:\/\/gradjanskipreokret.rs\/index.php\/en\/about-us\/#primaryimage"},"thumbnailUrl":"https:\/\/gradjanskipreokret.rs\/wp-content\/uploads\/2022\/04\/DraganaPopovicWeb-edited.jpg","datePublished":"2021-08-08T23:44:41+00:00","dateModified":"2023-03-04T14:47:24+00:00","breadcrumb":{"@id":"https:\/\/gradjanskipreokret.rs\/index.php\/en\/about-us\/#breadcrumb"},"inLanguage":"en-US","potentialAction":[{"@type":"ReadAction","target":["https:\/\/gradjanskipreokret.rs\/index.php\/en\/about-us\/"]}]},{"@type":"ImageObject","inLanguage":"en-US","@id":"https:\/\/gradjanskipreokret.rs\/index.php\/en\/about-us\/#primaryimage","url":"https:\/\/gradjanskipreokret.rs\/wp-content\/uploads\/2022\/04\/DraganaPopovicWeb-edited.jpg","contentUrl":"https:\/\/gradjanskipreokret.rs\/wp-content\/uploads\/2022\/04\/DraganaPopovicWeb-edited.jpg","width":819,"height":819},{"@type":"BreadcrumbList","@id":"https:\/\/gradjanskipreokret.rs\/index.php\/en\/about-us\/#breadcrumb","itemListElement":[{"@type":"ListItem","position":1,"name":"Home","item":"https:\/\/gradjanskipreokret.rs\/"},{"@type":"ListItem","position":2,"name":"ABOUT US"}]},{"@type":"WebSite","@id":"https:\/\/gradjanskipreokret.rs\/#website","url":"https:\/\/gradjanskipreokret.rs\/","name":"Gra\u0111anski preokret","description":"Gradjanski preokret","publisher":{"@id":"https:\/\/gradjanskipreokret.rs\/#organization"},"potentialAction":[{"@type":"SearchAction","target":{"@type":"EntryPoint","urlTemplate":"https:\/\/gradjanskipreokret.rs\/?s={search_term_string}"},"query-input":{"@type":"PropertyValueSpecification","valueRequired":true,"valueName":"search_term_string"}}],"inLanguage":"en-US"},{"@type":"Organization","@id":"https:\/\/gradjanskipreokret.rs\/#organization","name":"Udru\u017eenje Gra\u0111anski preokret","url":"https:\/\/gradjanskipreokret.rs\/","logo":{"@type":"ImageObject","inLanguage":"en-US","@id":"https:\/\/gradjanskipreokret.rs\/#\/schema\/logo\/image\/","url":"https:\/\/gradjanskipreokret.rs\/wp-content\/uploads\/2019\/03\/FB.png","contentUrl":"https:\/\/gradjanskipreokret.rs\/wp-content\/uploads\/2019\/03\/FB.png","width":773,"height":461,"caption":"Udru\u017eenje Gra\u0111anski preokret"},"image":{"@id":"https:\/\/gradjanskipreokret.rs\/#\/schema\/logo\/image\/"},"sameAs":["https:\/\/www.facebook.com\/gradjanskipreokret\/","https:\/\/x.com\/gpreokret","https:\/\/www.youtube.com\/channel\/UCyEiTcJBTWEFn48AmyxAhsA"]}]}},"_links":{"self":[{"href":"https:\/\/gradjanskipreokret.rs\/index.php\/wp-json\/wp\/v2\/pages\/2213","targetHints":{"allow":["GET"]}}],"collection":[{"href":"https:\/\/gradjanskipreokret.rs\/index.php\/wp-json\/wp\/v2\/pages"}],"about":[{"href":"https:\/\/gradjanskipreokret.rs\/index.php\/wp-json\/wp\/v2\/types\/page"}],"author":[{"embeddable":true,"href":"https:\/\/gradjanskipreokret.rs\/index.php\/wp-json\/wp\/v2\/users\/1"}],"replies":[{"embeddable":true,"href":"https:\/\/gradjanskipreokret.rs\/index.php\/wp-json\/wp\/v2\/comments?post=2213"}],"version-history":[{"count":14,"href":"https:\/\/gradjanskipreokret.rs\/index.php\/wp-json\/wp\/v2\/pages\/2213\/revisions"}],"predecessor-version":[{"id":3639,"href":"https:\/\/gradjanskipreokret.rs\/index.php\/wp-json\/wp\/v2\/pages\/2213\/revisions\/3639"}],"wp:attachment":[{"href":"https:\/\/gradjanskipreokret.rs\/index.php\/wp-json\/wp\/v2\/media?parent=2213"}],"curies":[{"name":"wp","href":"https:\/\/api.w.org\/{rel}","templated":true}]}}