{"id":101,"date":"2021-08-09T02:44:31","date_gmt":"2021-08-09T00:44:31","guid":{"rendered":"http:\/\/gradjanskipreokret.rs\/wordpress\/?page_id=101"},"modified":"2020-07-19T13:53:29","modified_gmt":"2020-07-19T11:53:29","slug":"pridruzi-se","status":"publish","type":"page","link":"https:\/\/gradjanskipreokret.rs\/index.php\/pridruzi-se\/","title":{"rendered":"PRIDRU\u017dI SE"},"content":{"rendered":"\n<p>\u010clan mo\u017ee biti svako lice koje prihvata <a href=\"https:\/\/gradjanskipreokret.rs\/index.php\/program\/\" target=\"_blank\" rel=\"noreferrer noopener\">ciljeve Udru\u017eenja<\/a> i Statut i podnese prijavu za u\u010dlanjenje Skup\u0161tini Udru\u017eenja.<\/p>\n\n\n\n<p>Maloletno lice sa\nnavr\u0161enih 14 ili vi\u0161e godina \u017eivota mo\u017ee se u\u010dlaniti uz prilaganje overene\nizjave njegovog zakonskog zastupnika o davanju saglasnosti.<\/p>\n\n\n\n<p>\u010clan ima pravo\nda:<\/p>\n\n\n\n<ul class=\"wp-block-list\"><li>ravnopravno sa drugim \u010dlanovima u\u010destvuje u ostvarivanju ciljeva Udru\u017eenja;<\/li><li>neposredno u\u010destvuje u odlu\u010divanju na Skup\u0161tini<\/li><li>bira i bude biran u organe Udru\u017eenja;<\/li><li>bude blagovremeno i potpuno informisan o radu i aktivnostima Udru\u017eenja.<\/li><\/ul>\n\n\n\n<p>\u010clan je du\u017ean da:<\/p>\n\n\n\n<ul class=\"wp-block-list\"><li>aktivno doprinosi ostvarivanju ciljeva Udru\u017eenja;<\/li><li>u\u010destvuje, u skladu sa interesovanjem, u aktivnostima Udru\u017eenja;<\/li><li>pla\u0107a \u010dlanarinu \u2013 ukoliko je finansijski u mogu\u0107nosti <\/li><li>obavlja druge poslove koje mu poveri Upravni odbor Udru\u017eenja. <\/li><\/ul>\n\n\n\n<h2 class=\"wp-block-heading\"> Popunite online pristupnicu <\/h2>\n\n\n\n<p>Potrebno je popuniti sva polja u formularu.<\/p>\n\n\n\n<div class=\"wpcf7 no-js\" id=\"wpcf7-f282-o1\" lang=\"en-US\" dir=\"ltr\" data-wpcf7-id=\"282\">\n<div class=\"screen-reader-response\"><p role=\"status\" aria-live=\"polite\" aria-atomic=\"true\"><\/p> <ul><\/ul><\/div>\n<form action=\"\/index.php\/wp-json\/wp\/v2\/pages\/101#wpcf7-f282-o1\" method=\"post\" class=\"wpcf7-form init\" aria-label=\"Contact form\" novalidate=\"novalidate\" data-status=\"init\">\n<fieldset class=\"hidden-fields-container\"><input type=\"hidden\" name=\"_wpcf7\" value=\"282\" \/><input type=\"hidden\" name=\"_wpcf7_version\" value=\"6.1.3\" \/><input type=\"hidden\" name=\"_wpcf7_locale\" value=\"en_US\" \/><input type=\"hidden\" name=\"_wpcf7_unit_tag\" value=\"wpcf7-f282-o1\" \/><input type=\"hidden\" name=\"_wpcf7_container_post\" value=\"0\" \/><input type=\"hidden\" name=\"_wpcf7_posted_data_hash\" value=\"\" \/>\n<\/fieldset>\n<p><label> Ime<br \/>\n<span class=\"wpcf7-form-control-wrap\" data-name=\"your-name\"><input size=\"40\" maxlength=\"400\" class=\"wpcf7-form-control wpcf7-text wpcf7-validates-as-required\" aria-required=\"true\" aria-invalid=\"false\" value=\"\" type=\"text\" name=\"your-name\" \/><\/span> <\/label><br \/>\n<label> Prezime<br \/>\n<span class=\"wpcf7-form-control-wrap\" data-name=\"your-lastname\"><input size=\"40\" maxlength=\"400\" class=\"wpcf7-form-control wpcf7-text wpcf7-validates-as-required\" aria-required=\"true\" aria-invalid=\"false\" value=\"\" type=\"text\" name=\"your-lastname\" \/><\/span> <\/label><br \/>\n<label> Datum ro\u0111enja: mm je polje za mesec, dd za dan, yyyy za godinu ro\u0111enja.<br \/>\n<span class=\"wpcf7-form-control-wrap\" data-name=\"datum\"><input class=\"wpcf7-form-control wpcf7-date wpcf7-validates-as-required wpcf7-validates-as-date\" min=\"1900-01-01\" aria-required=\"true\" aria-invalid=\"false\" value=\"\" type=\"date\" name=\"datum\" \/><\/span> <\/label><br \/>\n<label> Ulica i broj<br \/>\n<span class=\"wpcf7-form-control-wrap\" data-name=\"adresa\"><input size=\"40\" maxlength=\"400\" class=\"wpcf7-form-control wpcf7-text wpcf7-validates-as-required\" aria-required=\"true\" aria-invalid=\"false\" value=\"\" type=\"text\" name=\"adresa\" \/><\/span> <\/label><br \/>\n<label> Po\u0161tanski broj i mesto<br \/>\n<span class=\"wpcf7-form-control-wrap\" data-name=\"mesto\"><input size=\"40\" maxlength=\"400\" class=\"wpcf7-form-control wpcf7-text wpcf7-validates-as-required\" aria-required=\"true\" aria-invalid=\"false\" value=\"\" type=\"text\" name=\"mesto\" \/><\/span> <\/label><br \/>\n<label> Broj li\u010dne karte<br \/>\n<span class=\"wpcf7-form-control-wrap\" data-name=\"brlk\"><input class=\"wpcf7-form-control wpcf7-number wpcf7-validates-as-required wpcf7-validates-as-number\" min=\"00000000\" max=\"999999999\" aria-required=\"true\" aria-invalid=\"false\" value=\"\" type=\"number\" name=\"brlk\" \/><\/span><\/label><br \/>\n<label> Email<br \/>\n<span class=\"wpcf7-form-control-wrap\" data-name=\"your-email\"><input size=\"40\" maxlength=\"400\" class=\"wpcf7-form-control wpcf7-email wpcf7-validates-as-required wpcf7-text wpcf7-validates-as-email\" aria-required=\"true\" aria-invalid=\"false\" value=\"\" type=\"email\" name=\"your-email\" \/><\/span> <\/label><br \/>\n<label> Broj telefona<br \/>\n<span class=\"wpcf7-form-control-wrap\" data-name=\"telefon\"><input size=\"40\" maxlength=\"400\" class=\"wpcf7-form-control wpcf7-tel wpcf7-text wpcf7-validates-as-tel\" aria-invalid=\"false\" value=\"\" type=\"tel\" name=\"telefon\" \/><\/span> <\/label><br \/>\n<label> Zanimanje<br \/>\n<span class=\"wpcf7-form-control-wrap\" data-name=\"zanimanje\"><input size=\"40\" maxlength=\"400\" class=\"wpcf7-form-control wpcf7-text wpcf7-validates-as-required\" aria-required=\"true\" aria-invalid=\"false\" value=\"\" type=\"text\" name=\"zanimanje\" \/><\/span> <\/label><br \/>\n<label> Status zaposlenja<\/label><br \/>\n<span class=\"wpcf7-form-control-wrap\" data-name=\"statuszaposlenja\"><span class=\"wpcf7-form-control wpcf7-checkbox wpcf7-validates-as-required wpcf7-exclusive-checkbox\"><span class=\"wpcf7-list-item first\"><input type=\"checkbox\" name=\"statuszaposlenja\" value=\"Zaposlen\" \/><span class=\"wpcf7-list-item-label\">Zaposlen<\/span><\/span><span class=\"wpcf7-list-item last\"><input type=\"checkbox\" name=\"statuszaposlenja\" value=\"Nezaposlen\" \/><span class=\"wpcf7-list-item-label\">Nezaposlen<\/span><\/span><\/span><\/span>\n<\/p>\n<p><span class=\"wpcf7-form-control-wrap\" data-name=\"clan\"><span class=\"wpcf7-form-control wpcf7-checkbox wpcf7-validates-as-required\"><span class=\"wpcf7-list-item first last\"><input type=\"checkbox\" name=\"clan[]\" value=\"\u017delim da budem \u010dlan Gra\u0111anskog preokreta\" \/><span class=\"wpcf7-list-item-label\">\u017delim da budem \u010dlan Gra\u0111anskog preokreta<\/span><\/span><\/span><\/span>\n<\/p>\n<p><span class=\"wpcf7-form-control-wrap\" data-name=\"statut\"><span class=\"wpcf7-form-control wpcf7-checkbox wpcf7-validates-as-required\"><span class=\"wpcf7-list-item first last\"><input type=\"checkbox\" name=\"statut[]\" value=\"Prihvatam Statut i programska na\u010dela udru\u017eenja\" \/><span class=\"wpcf7-list-item-label\">Prihvatam Statut i programska na\u010dela udru\u017eenja<\/span><\/span><\/span><\/span>, <a href=\"https:\/\/gradjanskipreokret.rs\/wp-content\/uploads\/2020\/07\/StatutGP2020.pdf\" target=\"_blank\">pro\u010ditaj\/preuzmi Statut ovde<\/a>\n<\/p>\n<p><input class=\"wpcf7-form-control wpcf7-submit has-spinner\" type=\"submit\" value=\"Po\u0161alji\" \/>\n<\/p><div class=\"wpcf7-response-output\" aria-hidden=\"true\"><\/div>\n<\/form>\n<\/div>\n\n","protected":false},"excerpt":{"rendered":"<p>\u010clan mo\u017ee biti svako lice koje prihvata ciljeve Udru\u017eenja i Statut i podnese prijavu za u\u010dlanjenje Skup\u0161tini Udru\u017eenja. Maloletno lice<\/p>\n","protected":false},"author":1,"featured_media":189,"parent":0,"menu_order":0,"comment_status":"closed","ping_status":"closed","template":"","meta":{"footnotes":""},"class_list":["post-101","page","type-page","status-publish","has-post-thumbnail","hentry"],"yoast_head":"<!-- This site is optimized with the Yoast SEO plugin v26.3 - https:\/\/yoast.com\/wordpress\/plugins\/seo\/ -->\n<title>PRIDRU\u017dI SE - Gra\u0111anski preokret<\/title>\n<meta name=\"robots\" content=\"index, follow, max-snippet:-1, max-image-preview:large, max-video-preview:-1\" \/>\n<link rel=\"canonical\" href=\"https:\/\/gradjanskipreokret.rs\/index.php\/pridruzi-se\/\" \/>\n<meta property=\"og:locale\" content=\"en_US\" \/>\n<meta property=\"og:type\" content=\"article\" \/>\n<meta property=\"og:title\" content=\"PRIDRU\u017dI SE - Gra\u0111anski preokret\" \/>\n<meta property=\"og:description\" content=\"\u010clan mo\u017ee biti svako lice koje prihvata ciljeve Udru\u017eenja i Statut i podnese prijavu za u\u010dlanjenje Skup\u0161tini Udru\u017eenja. Maloletno lice\" \/>\n<meta property=\"og:url\" content=\"https:\/\/gradjanskipreokret.rs\/index.php\/pridruzi-se\/\" \/>\n<meta property=\"og:site_name\" content=\"Gra\u0111anski preokret\" \/>\n<meta property=\"article:publisher\" content=\"https:\/\/www.facebook.com\/gradjanskipreokret\/\" \/>\n<meta property=\"og:image\" content=\"https:\/\/gradjanskipreokret.rs\/wp-content\/uploads\/2019\/03\/PRIDRUZISE.png\" \/>\n\t<meta property=\"og:image:width\" content=\"234\" \/>\n\t<meta property=\"og:image:height\" content=\"234\" \/>\n\t<meta property=\"og:image:type\" content=\"image\/png\" \/>\n<meta name=\"twitter:card\" content=\"summary_large_image\" \/>\n<meta name=\"twitter:site\" content=\"@gpreokret\" \/>\n<meta name=\"twitter:label1\" content=\"Est. reading time\" \/>\n\t<meta name=\"twitter:data1\" content=\"1 minute\" \/>\n<script type=\"application\/ld+json\" class=\"yoast-schema-graph\">{\"@context\":\"https:\/\/schema.org\",\"@graph\":[{\"@type\":\"WebPage\",\"@id\":\"https:\/\/gradjanskipreokret.rs\/index.php\/pridruzi-se\/\",\"url\":\"https:\/\/gradjanskipreokret.rs\/index.php\/pridruzi-se\/\",\"name\":\"PRIDRU\u017dI SE - Gra\u0111anski preokret\",\"isPartOf\":{\"@id\":\"https:\/\/gradjanskipreokret.rs\/#website\"},\"primaryImageOfPage\":{\"@id\":\"https:\/\/gradjanskipreokret.rs\/index.php\/pridruzi-se\/#primaryimage\"},\"image\":{\"@id\":\"https:\/\/gradjanskipreokret.rs\/index.php\/pridruzi-se\/#primaryimage\"},\"thumbnailUrl\":\"https:\/\/gradjanskipreokret.rs\/wp-content\/uploads\/2019\/03\/PRIDRUZISE.png\",\"datePublished\":\"2021-08-09T00:44:31+00:00\",\"breadcrumb\":{\"@id\":\"https:\/\/gradjanskipreokret.rs\/index.php\/pridruzi-se\/#breadcrumb\"},\"inLanguage\":\"en-US\",\"potentialAction\":[{\"@type\":\"ReadAction\",\"target\":[\"https:\/\/gradjanskipreokret.rs\/index.php\/pridruzi-se\/\"]}]},{\"@type\":\"ImageObject\",\"inLanguage\":\"en-US\",\"@id\":\"https:\/\/gradjanskipreokret.rs\/index.php\/pridruzi-se\/#primaryimage\",\"url\":\"https:\/\/gradjanskipreokret.rs\/wp-content\/uploads\/2019\/03\/PRIDRUZISE.png\",\"contentUrl\":\"https:\/\/gradjanskipreokret.rs\/wp-content\/uploads\/2019\/03\/PRIDRUZISE.png\",\"width\":234,\"height\":234},{\"@type\":\"BreadcrumbList\",\"@id\":\"https:\/\/gradjanskipreokret.rs\/index.php\/pridruzi-se\/#breadcrumb\",\"itemListElement\":[{\"@type\":\"ListItem\",\"position\":1,\"name\":\"Home\",\"item\":\"https:\/\/gradjanskipreokret.rs\/\"},{\"@type\":\"ListItem\",\"position\":2,\"name\":\"PRIDRU\u017dI SE\"}]},{\"@type\":\"WebSite\",\"@id\":\"https:\/\/gradjanskipreokret.rs\/#website\",\"url\":\"https:\/\/gradjanskipreokret.rs\/\",\"name\":\"Gra\u0111anski preokret\",\"description\":\"Gradjanski preokret\",\"publisher\":{\"@id\":\"https:\/\/gradjanskipreokret.rs\/#organization\"},\"potentialAction\":[{\"@type\":\"SearchAction\",\"target\":{\"@type\":\"EntryPoint\",\"urlTemplate\":\"https:\/\/gradjanskipreokret.rs\/?s={search_term_string}\"},\"query-input\":{\"@type\":\"PropertyValueSpecification\",\"valueRequired\":true,\"valueName\":\"search_term_string\"}}],\"inLanguage\":\"en-US\"},{\"@type\":\"Organization\",\"@id\":\"https:\/\/gradjanskipreokret.rs\/#organization\",\"name\":\"Udru\u017eenje Gra\u0111anski preokret\",\"url\":\"https:\/\/gradjanskipreokret.rs\/\",\"logo\":{\"@type\":\"ImageObject\",\"inLanguage\":\"en-US\",\"@id\":\"https:\/\/gradjanskipreokret.rs\/#\/schema\/logo\/image\/\",\"url\":\"https:\/\/gradjanskipreokret.rs\/wp-content\/uploads\/2019\/03\/FB.png\",\"contentUrl\":\"https:\/\/gradjanskipreokret.rs\/wp-content\/uploads\/2019\/03\/FB.png\",\"width\":773,\"height\":461,\"caption\":\"Udru\u017eenje Gra\u0111anski preokret\"},\"image\":{\"@id\":\"https:\/\/gradjanskipreokret.rs\/#\/schema\/logo\/image\/\"},\"sameAs\":[\"https:\/\/www.facebook.com\/gradjanskipreokret\/\",\"https:\/\/x.com\/gpreokret\",\"https:\/\/www.youtube.com\/channel\/UCyEiTcJBTWEFn48AmyxAhsA\"]}]}<\/script>\n<!-- \/ Yoast SEO plugin. -->","yoast_head_json":{"title":"PRIDRU\u017dI SE - Gra\u0111anski preokret","robots":{"index":"index","follow":"follow","max-snippet":"max-snippet:-1","max-image-preview":"max-image-preview:large","max-video-preview":"max-video-preview:-1"},"canonical":"https:\/\/gradjanskipreokret.rs\/index.php\/pridruzi-se\/","og_locale":"en_US","og_type":"article","og_title":"PRIDRU\u017dI SE - Gra\u0111anski preokret","og_description":"\u010clan mo\u017ee biti svako lice koje prihvata ciljeve Udru\u017eenja i Statut i podnese prijavu za u\u010dlanjenje Skup\u0161tini Udru\u017eenja. Maloletno lice","og_url":"https:\/\/gradjanskipreokret.rs\/index.php\/pridruzi-se\/","og_site_name":"Gra\u0111anski preokret","article_publisher":"https:\/\/www.facebook.com\/gradjanskipreokret\/","og_image":[{"width":234,"height":234,"url":"https:\/\/gradjanskipreokret.rs\/wp-content\/uploads\/2019\/03\/PRIDRUZISE.png","type":"image\/png"}],"twitter_card":"summary_large_image","twitter_site":"@gpreokret","twitter_misc":{"Est. reading time":"1 minute"},"schema":{"@context":"https:\/\/schema.org","@graph":[{"@type":"WebPage","@id":"https:\/\/gradjanskipreokret.rs\/index.php\/pridruzi-se\/","url":"https:\/\/gradjanskipreokret.rs\/index.php\/pridruzi-se\/","name":"PRIDRU\u017dI SE - Gra\u0111anski preokret","isPartOf":{"@id":"https:\/\/gradjanskipreokret.rs\/#website"},"primaryImageOfPage":{"@id":"https:\/\/gradjanskipreokret.rs\/index.php\/pridruzi-se\/#primaryimage"},"image":{"@id":"https:\/\/gradjanskipreokret.rs\/index.php\/pridruzi-se\/#primaryimage"},"thumbnailUrl":"https:\/\/gradjanskipreokret.rs\/wp-content\/uploads\/2019\/03\/PRIDRUZISE.png","datePublished":"2021-08-09T00:44:31+00:00","breadcrumb":{"@id":"https:\/\/gradjanskipreokret.rs\/index.php\/pridruzi-se\/#breadcrumb"},"inLanguage":"en-US","potentialAction":[{"@type":"ReadAction","target":["https:\/\/gradjanskipreokret.rs\/index.php\/pridruzi-se\/"]}]},{"@type":"ImageObject","inLanguage":"en-US","@id":"https:\/\/gradjanskipreokret.rs\/index.php\/pridruzi-se\/#primaryimage","url":"https:\/\/gradjanskipreokret.rs\/wp-content\/uploads\/2019\/03\/PRIDRUZISE.png","contentUrl":"https:\/\/gradjanskipreokret.rs\/wp-content\/uploads\/2019\/03\/PRIDRUZISE.png","width":234,"height":234},{"@type":"BreadcrumbList","@id":"https:\/\/gradjanskipreokret.rs\/index.php\/pridruzi-se\/#breadcrumb","itemListElement":[{"@type":"ListItem","position":1,"name":"Home","item":"https:\/\/gradjanskipreokret.rs\/"},{"@type":"ListItem","position":2,"name":"PRIDRU\u017dI SE"}]},{"@type":"WebSite","@id":"https:\/\/gradjanskipreokret.rs\/#website","url":"https:\/\/gradjanskipreokret.rs\/","name":"Gra\u0111anski preokret","description":"Gradjanski preokret","publisher":{"@id":"https:\/\/gradjanskipreokret.rs\/#organization"},"potentialAction":[{"@type":"SearchAction","target":{"@type":"EntryPoint","urlTemplate":"https:\/\/gradjanskipreokret.rs\/?s={search_term_string}"},"query-input":{"@type":"PropertyValueSpecification","valueRequired":true,"valueName":"search_term_string"}}],"inLanguage":"en-US"},{"@type":"Organization","@id":"https:\/\/gradjanskipreokret.rs\/#organization","name":"Udru\u017eenje Gra\u0111anski preokret","url":"https:\/\/gradjanskipreokret.rs\/","logo":{"@type":"ImageObject","inLanguage":"en-US","@id":"https:\/\/gradjanskipreokret.rs\/#\/schema\/logo\/image\/","url":"https:\/\/gradjanskipreokret.rs\/wp-content\/uploads\/2019\/03\/FB.png","contentUrl":"https:\/\/gradjanskipreokret.rs\/wp-content\/uploads\/2019\/03\/FB.png","width":773,"height":461,"caption":"Udru\u017eenje Gra\u0111anski preokret"},"image":{"@id":"https:\/\/gradjanskipreokret.rs\/#\/schema\/logo\/image\/"},"sameAs":["https:\/\/www.facebook.com\/gradjanskipreokret\/","https:\/\/x.com\/gpreokret","https:\/\/www.youtube.com\/channel\/UCyEiTcJBTWEFn48AmyxAhsA"]}]}},"_links":{"self":[{"href":"https:\/\/gradjanskipreokret.rs\/index.php\/wp-json\/wp\/v2\/pages\/101","targetHints":{"allow":["GET"]}}],"collection":[{"href":"https:\/\/gradjanskipreokret.rs\/index.php\/wp-json\/wp\/v2\/pages"}],"about":[{"href":"https:\/\/gradjanskipreokret.rs\/index.php\/wp-json\/wp\/v2\/types\/page"}],"author":[{"embeddable":true,"href":"https:\/\/gradjanskipreokret.rs\/index.php\/wp-json\/wp\/v2\/users\/1"}],"replies":[{"embeddable":true,"href":"https:\/\/gradjanskipreokret.rs\/index.php\/wp-json\/wp\/v2\/comments?post=101"}],"version-history":[{"count":8,"href":"https:\/\/gradjanskipreokret.rs\/index.php\/wp-json\/wp\/v2\/pages\/101\/revisions"}],"predecessor-version":[{"id":1316,"href":"https:\/\/gradjanskipreokret.rs\/index.php\/wp-json\/wp\/v2\/pages\/101\/revisions\/1316"}],"wp:featuredmedia":[{"embeddable":true,"href":"https:\/\/gradjanskipreokret.rs\/index.php\/wp-json\/wp\/v2\/media\/189"}],"wp:attachment":[{"href":"https:\/\/gradjanskipreokret.rs\/index.php\/wp-json\/wp\/v2\/media?parent=101"}],"curies":[{"name":"wp","href":"https:\/\/api.w.org\/{rel}","templated":true}]}}